{"id":7,"date":"2017-11-19T16:03:51","date_gmt":"2017-11-19T16:03:51","guid":{"rendered":"http:\/\/hoereninalbanien.de\/?page_id=7"},"modified":"2018-08-28T19:54:10","modified_gmt":"2018-08-28T19:54:10","slug":"home","status":"publish","type":"page","link":"http:\/\/hoereninalbanien.de\/","title":{"rendered":"Home"},"content":{"rendered":"<p><strong>Richtig h\u00f6ren k\u00f6nnen bedeutet ein wichtiges St\u00fcck Lebensqualit\u00e4t auf sozialer und emotionaler Ebene. Diese Lebensqualit\u00e4t ist f\u00fcr die meisten Menschen in Albanien unbezahlbar.<\/strong><\/p>\n<p><strong>In Kooperation mit der Deutsch Albanischen Initiative f\u00fcr Kinderaugen (<a href=\"http:\/\/www.daika.de\" target=\"_blank\" rel=\"noopener\">DAIKA e.V<\/a>) haben wir im April 2017 mit der kostenlosen Anpassung gespendeter H\u00f6rsysteme in Albanien begonnen.<\/strong><\/p>\n<p><strong>Wir laden Sie ein unser Projekt n\u00e4her kennenzulernen und w\u00fcrden uns \u00fcber Ihre Unterst\u00fctzung freuen.<\/strong><\/p>\n\n","protected":false},"excerpt":{"rendered":"<p>Richtig h\u00f6ren k\u00f6nnen bedeutet ein wichtiges St\u00fcck Lebensqualit\u00e4t auf sozialer und emotionaler Ebene. Diese Lebensqualit\u00e4t ist f\u00fcr die meisten Menschen in Albanien unbezahlbar. In Kooperation mit der Deutsch Albanischen Initiative f\u00fcr Kinderaugen (DAIKA e.V) haben wir im April 2017 mit der kostenlosen Anpassung gespendeter H\u00f6rsysteme in Albanien begonnen. Wir laden Sie ein unser Projekt n\u00e4her&hellip; <br \/> <a class=\"read-more\" href=\"http:\/\/hoereninalbanien.de\/\">Weiterlesen<\/a><\/p>\n","protected":false},"author":1,"featured_media":0,"parent":0,"menu_order":0,"comment_status":"closed","ping_status":"closed","template":"","meta":[],"_links":{"self":[{"href":"http:\/\/hoereninalbanien.de\/index.php?rest_route=\/wp\/v2\/pages\/7"}],"collection":[{"href":"http:\/\/hoereninalbanien.de\/index.php?rest_route=\/wp\/v2\/pages"}],"about":[{"href":"http:\/\/hoereninalbanien.de\/index.php?rest_route=\/wp\/v2\/types\/page"}],"author":[{"embeddable":true,"href":"http:\/\/hoereninalbanien.de\/index.php?rest_route=\/wp\/v2\/users\/1"}],"replies":[{"embeddable":true,"href":"http:\/\/hoereninalbanien.de\/index.php?rest_route=%2Fwp%2Fv2%2Fcomments&post=7"}],"version-history":[{"count":9,"href":"http:\/\/hoereninalbanien.de\/index.php?rest_route=\/wp\/v2\/pages\/7\/revisions"}],"predecessor-version":[{"id":102,"href":"http:\/\/hoereninalbanien.de\/index.php?rest_route=\/wp\/v2\/pages\/7\/revisions\/102"}],"wp:attachment":[{"href":"http:\/\/hoereninalbanien.de\/index.php?rest_route=%2Fwp%2Fv2%2Fmedia&parent=7"}],"curies":[{"name":"wp","href":"https:\/\/api.w.org\/{rel}","templated":true}]}}