{"id":197,"date":"2018-11-27T21:16:53","date_gmt":"2018-11-27T21:16:53","guid":{"rendered":"http:\/\/hoereninalbanien.de\/?page_id=197"},"modified":"2023-11-19T13:37:50","modified_gmt":"2023-11-19T13:37:50","slug":"aktuelles","status":"publish","type":"page","link":"http:\/\/hoereninalbanien.de\/?page_id=197","title":{"rendered":"Aktuelles"},"content":{"rendered":"<h6>19.11.2023<\/h6>\n<h3>Neuer Einsatzbericht<\/h3>\n<p>Unser Einsatzbericht vom Oktober ist jetzt online. Wir konnten wieder \u00fcber 100 Patienten gesehen und haben erfolgreiche Tage gehabt.\u00a0 Der Bericht: <a href=\"http:\/\/hoereninalbanien.de\/?p=327\">Tagebuch<\/a><\/p>\n<h6>06.09.2023<\/h6>\n<h3>N\u00e4chster Einsatz im Oktober<\/h3>\n<p>In der ersten Oktoberwoche sind wir wieder vor Ort und werden wieder viele Patienten versorgen. Die Vorbereitungen laufen. Vielen Dank an <a href=\"http:\/\/www.otoplastik-lab.de\">www.otoplastik-lab.de<\/a> , <a href=\"http:\/\/www.labor-muessle.de\">www.labor-muessle.de<\/a> , <a href=\"http:\/\/www.heba.de\">www.heba.de<\/a> und <a href=\"http:\/\/www.hoergeraete-eisen.de\">hoergeraete-eisen.de<\/a> f\u00fcr die Unterst\u00fctzung!<\/p>\n<h6>24.01.2023<\/h6>\n<h3>Einsatzbericht Neunter Einsatz<\/h3>\n<p>Unter Einsatzbericht zum letzten Besuch ist online <a href=\"http:\/\/hoereninalbanien.de\/?p=309\">Neunter Einsatz<\/a><br \/>\nDer n\u00e4chste Einsatz ist f\u00fcr April geplant, ben\u00f6tigt werden wieder Ger\u00e4te, 13er Batterien und Trockenmaterial.<\/p>\n<h6>16.06.2022<\/h6>\n<h3>Einsatzbericht Nummer Acht<\/h3>\n<p>Der Bericht zum Einsatz im M\u00e4rz ist jetzt online <a href=\"http:\/\/hoereninalbanien.de\/?p=292\">Achter Einsatz<\/a><br \/>\nDer n\u00e4chste ist f\u00fcr Oktober 2022 geplant.<\/p>\n<h6>01.02.2022<\/h6>\n<h3>Unterst\u00fctzung vor Ort<\/h3>\n<p>Wir suchen Akustiker*innen, die uns Ende M\u00e4rz vor Ort unterst\u00fctzen k\u00f6nnen. Sprachkenntnisse in englisch oder italienisch sind von Vorteil. F\u00fcr n\u00e4here Infos schreibt uns einfach eine Mail.<\/p>\n<h6>02.08.2021<\/h6>\n<h3>Einsatzbericht<\/h3>\n<p>Hier ist unser Einsatzbericht vom Juni 2021. <a href=\"http:\/\/hoereninalbanien.de\/?p=279\">Siebter Einsatz<\/a><br \/>\nWir sind sehr gespannt, ob ein weiterer Einsatz dieses Jahr noch m\u00f6glich sein wird.<\/p>\n<h6>03.05.2021<\/h6>\n<h3>7. Einsatz<\/h3>\n<p>Wenn es die aktuelle Covid-Lage zul\u00e4sst, werden wir anfang Juni zu unserem n\u00e4chsten Einsatz starten.<br \/>\nWir sind wieder auf eure Unterst\u00fctzung angewiesen und ben\u00f6tigen<br \/>\n&#8211; Batterien<br \/>\n&#8211; Reinigungs- und Trockenmaterial<br \/>\n&#8211; H\u00f6rwinkel (Phonak, Oticon und alte Siemens\/Signia)<br \/>\n&#8211; Mikrofonabdeckungen Phonak<br \/>\nVielen Dank f\u00fcr eure Hilfe!<\/p>\n<h6>05.06.2020<\/h6>\n<h3>Wohnorte der Patienten<\/h3>\n<p>Wir waren neugierig, aus welchen Ecken Albaniens unsere Patienten kommen. Heraus gekommen ist eine Landkarte die zeigt, dass unsere Patienten zum Teil weite Wege auf sich nehmen und wie weit sich &#8220;H\u00f6ren in Albanien&#8221; im Land herum gesprochen hat<\/p>\n<p><iframe loading=\"lazy\" src=\"https:\/\/www.google.com\/maps\/d\/embed?mid=18FzDqAfEMbcF1DYScdGl23ZdK3bpZ0Zr\" width=\"640\" height=\"480\"><\/iframe><\/p>\n<h6>30.04.2020<\/h6>\n<h3>Corona<\/h3>\n<p>Leider k\u00f6nnen wir aus gegeben Anlass vor erst keine weiteren Eins\u00e4tze in Albanien durchf\u00fchren. Wir hoffen sehr, dass sich bis zum Herbst die Lage etwas beruhigt bzw. stabilisiert hat und wir im Oktober wieder starten k\u00f6nnen.<br \/>\nBleiben Sie alle gesund!<\/p>\n<h6>10.11.2019<\/h6>\n<h3>Unser Bericht zum 6. Einsatz<\/h3>\n<p>Zum Einsatzbericht vom September\/Oktober geht es hier:<br \/>\n<a href=\"http:\/\/hoereninalbanien.de\/?p=263\" rel=\"noopener nofollow\">http:\/\/hoereninalbanien.de\/?p=263<\/a><\/p>\n<h6>12.08.2019<\/h6>\n<h3>Vorbereitungen zum 6. Einsatz<\/h3>\n<p>Ende September geht es wieder los nach Albanien. Zur Zeit suchen wir noch die letzten Ger\u00e4te und Zubeh\u00f6r f\u00fcr unseren n\u00e4chsten Einsatz. Dringend ben\u00f6tigt werden noch Batterien und Reinigungsmaterial!<\/p>\n<h6>12.08.2019<\/h6>\n<h3>Gro\u00dfer Auftritt f\u00fcr einen jungen K\u00fcnstler<\/h3>\n<p>Am 16. Juli hat ein junger aufstrebender K\u00fcnstler seinen ersten gro\u00dfen TV Auftritt gehabt. Harilla wurde bei unserem ersten Einsatz in Albanien mit H\u00f6rsystemen nachversorgt. Er hat damals etwa 10 Jahre alte, eigentlich viel zu schwache H\u00f6rsysteme getragen. Schaut euch gern das Youtube-Video an!<\/p>\n<p><a href=\"https:\/\/www.youtube.com\/watch?v=NV2q0oW9_Ns\" target=\"_blank\" rel=\"noopener\">https:\/\/www.youtube.com\/watch?v=NV2q0oW9_Ns<\/a><\/p>\n<h6>03.06.2019<\/h6>\n<h3>Und wieder ein erfolgreicher Einsatz<\/h3>\n<p>Zum Einsatzbericht vom Mai geht es hier:<br \/>\n<a href=\"http:\/\/hoereninalbanien.de\/?p=246\" rel=\"noopener nofollow\">http:\/\/hoereninalbanien.de\/?p=246<\/a><\/p>\n<h6>08.04.2019<\/h6>\n<h3>Vorbereitungen f\u00fcr den 5. Einsatz<\/h3>\n<p>Vom 05. bis 11. Mai sind wir wieder vor Ort in Pllane.<br \/>\nDie Vorbereitungen sind in vollem Gange.<\/p>\n<p><img decoding=\"async\" loading=\"lazy\" class=\"alignnone wp-image-241 size-medium\" src=\"http:\/\/hoereninalbanien.de\/wp-content\/uploads\/2019\/04\/DSC_0033-e1554751788805-300x214.jpg\" alt=\"\" width=\"300\" height=\"214\" srcset=\"http:\/\/hoereninalbanien.de\/wp-content\/uploads\/2019\/04\/DSC_0033-e1554751788805-300x214.jpg 300w, http:\/\/hoereninalbanien.de\/wp-content\/uploads\/2019\/04\/DSC_0033-e1554751788805-768x549.jpg 768w, http:\/\/hoereninalbanien.de\/wp-content\/uploads\/2019\/04\/DSC_0033-e1554751788805-1024x731.jpg 1024w, http:\/\/hoereninalbanien.de\/wp-content\/uploads\/2019\/04\/DSC_0033-e1554751788805.jpg 1288w\" sizes=\"(max-width: 300px) 100vw, 300px\" \/><\/p>\n<h6>07.04.2019<\/h6>\n<h3>Flyer auf Albanisch<\/h3>\n<p>Jetzt gibt es unseren <a href=\"http:\/\/hoereninalbanien.de\/wp-content\/uploads\/2019\/04\/HiA_Flyer_20181128_AL.pdf\" target=\"_blank\" rel=\"noopener\">Flyer<\/a> zum herunterladen auch auf Albanisch.<br \/>\nDen Flyer gibt es auch in gedruckter Form, bei Bedarf einfach melden.<\/p>\n<p><a href=\"http:\/\/hoereninalbanien.de\/wp-content\/uploads\/2019\/04\/HiA_Flyer_20181128_AL.pdf\" target=\"_blank\" rel=\"noopener\"><img decoding=\"async\" loading=\"lazy\" class=\"alignnone wp-image-239\" src=\"http:\/\/hoereninalbanien.de\/wp-content\/uploads\/2019\/04\/flyer_mini_al-300x214.jpg\" alt=\"\" width=\"179\" height=\"128\" srcset=\"http:\/\/hoereninalbanien.de\/wp-content\/uploads\/2019\/04\/flyer_mini_al-300x214.jpg 300w, http:\/\/hoereninalbanien.de\/wp-content\/uploads\/2019\/04\/flyer_mini_al.jpg 762w\" sizes=\"(max-width: 179px) 100vw, 179px\" \/><\/a><\/p>\n<h6>04.03.2019<\/h6>\n<p>Vielen Dank an <a class=\"profileLink\" href=\"http:\/\/audiohansa.de\/\" target=\"_blank\" rel=\"noopener\" data-hovercard=\"\/ajax\/hovercard\/page.php?id=1155953354424859&amp;extragetparams=%7B%22__tn__%22%3A%22%2CdK-R-R%22%2C%22eid%22%3A%22ARC0YU7KyotfE4izaPIOaZ17vwq9lPDk0ttpm05lgYmcrFkMC0tYpre4UYTMOpI92m4mDUCjPud9ANmp%22%2C%22fref%22%3A%22mentions%22%7D\" data-hovercard-prefer-more-content-show=\"1\">Audiohansa H\u00f6rsysteme<\/a>, dem Team von Hallman Optik in Bredstedt und Nadia f\u00fcr die Unterst\u00fctzung!<br \/>\nIhr seid spitze!<\/p>\n<p><img decoding=\"async\" loading=\"lazy\" class=\"alignnone wp-image-232\" src=\"http:\/\/hoereninalbanien.de\/wp-content\/uploads\/2019\/03\/DSC_0006-300x169.jpg\" alt=\"\" width=\"400\" height=\"225\" srcset=\"http:\/\/hoereninalbanien.de\/wp-content\/uploads\/2019\/03\/DSC_0006-300x169.jpg 300w, http:\/\/hoereninalbanien.de\/wp-content\/uploads\/2019\/03\/DSC_0006-768x432.jpg 768w, http:\/\/hoereninalbanien.de\/wp-content\/uploads\/2019\/03\/DSC_0006-1024x576.jpg 1024w, http:\/\/hoereninalbanien.de\/wp-content\/uploads\/2019\/03\/DSC_0006-1920x1080.jpg 1920w\" sizes=\"(max-width: 400px) 100vw, 400px\" \/><\/p>\n<h6>13.02.2019<\/h6>\n<p>In der aktuellen Ausgabe der &#8220;Schnecke&#8221; ist ein <a href=\"http:\/\/hoereninalbanien.de\/wp-content\/uploads\/2019\/02\/Schnecke_Ausgabe_102_HiA.pdf\" target=\"_blank\" rel=\"noopener\">Artikel<\/a> \u00fcber unser Projekt erschienen.<br \/>\nDanke an die Schnecke-Redaktion f\u00fcr die Unterst\u00fctzung.<\/p>\n<p><a href=\"http:\/\/hoereninalbanien.de\/wp-content\/uploads\/2019\/02\/Schnecke_Ausgabe_102_HiA.pdf\" target=\"_blank\" rel=\"noopener\"><img decoding=\"async\" loading=\"lazy\" class=\"alignnone wp-image-224 size-thumbnail\" src=\"http:\/\/hoereninalbanien.de\/wp-content\/uploads\/2019\/02\/Schnecke_Ausgabe_102_HiA-150x150.png\" alt=\"\" width=\"150\" height=\"150\" \/><\/a><\/p>\n<h6>28.11.2018<\/h6>\n<h3>Neuer Flyer<\/h3>\n<p>Passend zur neuen Hompage haben wir auch einen neuen <a href=\"http:\/\/hoereninalbanien.de\/wp-content\/uploads\/2018\/11\/HiA_Flyer_20181128_DE.pdf\" target=\"_blank\" rel=\"noopener\">Flyer<\/a> zum herunterladen.<br \/>\nDen Flyer gibt es nat\u00fcrlich auch in gedruckter Form, bei Bedarf einfach melden.<\/p>\n<p><a href=\"http:\/\/hoereninalbanien.de\/wp-content\/uploads\/2018\/11\/HiA_Flyer_20181128_DE.pdf\" target=\"_blank\" rel=\"noopener\"><img decoding=\"async\" loading=\"lazy\" class=\"alignnone wp-image-216 size-medium\" src=\"http:\/\/hoereninalbanien.de\/wp-content\/uploads\/2018\/11\/flyer_mini-300x214.jpg\" alt=\"\" width=\"150\" height=\"107\" srcset=\"http:\/\/hoereninalbanien.de\/wp-content\/uploads\/2018\/11\/flyer_mini-300x214.jpg 300w, http:\/\/hoereninalbanien.de\/wp-content\/uploads\/2018\/11\/flyer_mini.jpg 765w\" sizes=\"(max-width: 150px) 100vw, 150px\" \/><\/a><\/p>\n<h6>22.11.2018<\/h6>\n<h3>Neue Hompage<\/h3>\n<p>Seit heute erstrahlt unsere Homepage in neuem Glanz. Vielen Dank an Adrian von <a href=\"http:\/\/letone.de\" target=\"_blank\" rel=\"noopener\">LETONE Design<\/a>.<\/p>\n<h6>21.11.2018<\/h6>\n<h3>Neuer Einsatzbericht Online<\/h3>\n<p>Unser letzter Einsatzbericht ist online:<br \/>\n<a href=\"http:\/\/hoereninalbanien.de\/?p=109\" rel=\"noopener nofollow\">http:\/\/hoereninalbanien.de\/?p=109<\/a><\/p>\n<h6>28.10.2018<\/h6>\n<h3>4. Einsatz erfolgreich<\/h3>\n<p>Unser vierter Einsatz ist erfolgreich beendet. 17 Anpassungen, 17 Kontrollen und 4 H\u00f6rtests haben wir durchgef\u00fchrt. Das Wiedersehen mit den &#8220;alten&#8221; Patienten war sch\u00f6n und es ist toll zu sehen, wie gut sie mit den H\u00f6rgeraten zurecht kommen. Auf der Anmeldeliste f\u00fcr den n\u00e4chsten Einsatz stehen schon 9 Personen&#8230;. Bilder und ausf\u00fchrlicher Einsatzbericht folgt&#8230;.<\/p>\n<h6>09.10.2018<\/h6>\n<h3>Otoplastiken angekommen<\/h3>\n<p>DANKE an das Labor <a href=\"http:\/\/scheinhardt.de\" target=\"_blank\" rel=\"noopener\">Scheinhardt<\/a> die uns die Otoplastiken gemacht haben.<\/p>\n<p><img decoding=\"async\" loading=\"lazy\" class=\"alignnone size-medium wp-image-202\" src=\"http:\/\/hoereninalbanien.de\/wp-content\/uploads\/2018\/11\/otoplastiken-300x225.jpg\" alt=\"\" width=\"300\" height=\"225\" srcset=\"http:\/\/hoereninalbanien.de\/wp-content\/uploads\/2018\/11\/otoplastiken-300x225.jpg 300w, http:\/\/hoereninalbanien.de\/wp-content\/uploads\/2018\/11\/otoplastiken-768x576.jpg 768w, http:\/\/hoereninalbanien.de\/wp-content\/uploads\/2018\/11\/otoplastiken-1024x768.jpg 1024w, http:\/\/hoereninalbanien.de\/wp-content\/uploads\/2018\/11\/otoplastiken-1440x1080.jpg 1440w, http:\/\/hoereninalbanien.de\/wp-content\/uploads\/2018\/11\/otoplastiken.jpg 2048w\" sizes=\"(max-width: 300px) 100vw, 300px\" \/><\/p>\n<h6>06.10.2018<\/h6>\n<h3>Post aus Rendsburg<\/h3>\n<p>Vielen vielen Dank an die <a href=\"http:\/\/die-hoer-insel.de\" target=\"_blank\" rel=\"noopener\">H\u00f6r-Insel<\/a> f\u00fcr das tolle Paket.<\/p>\n<p><img decoding=\"async\" loading=\"lazy\" class=\"alignnone size-medium wp-image-204\" src=\"http:\/\/hoereninalbanien.de\/wp-content\/uploads\/2018\/11\/post_hoerinsel-225x300.jpg\" alt=\"\" width=\"225\" height=\"300\" srcset=\"http:\/\/hoereninalbanien.de\/wp-content\/uploads\/2018\/11\/post_hoerinsel-225x300.jpg 225w, http:\/\/hoereninalbanien.de\/wp-content\/uploads\/2018\/11\/post_hoerinsel.jpg 720w\" sizes=\"(max-width: 225px) 100vw, 225px\" \/><\/p>\n","protected":false},"excerpt":{"rendered":"<p>19.11.2023 Neuer Einsatzbericht Unser Einsatzbericht vom Oktober ist jetzt online. Wir konnten wieder \u00fcber 100 Patienten gesehen und haben erfolgreiche Tage gehabt.\u00a0 Der Bericht: Tagebuch 06.09.2023 N\u00e4chster Einsatz im Oktober In der ersten Oktoberwoche sind wir wieder vor Ort und werden wieder viele Patienten versorgen. Die Vorbereitungen laufen. Vielen Dank an www.otoplastik-lab.de , www.labor-muessle.de ,&hellip; <br \/> <a class=\"read-more\" href=\"http:\/\/hoereninalbanien.de\/?page_id=197\">Weiterlesen<\/a><\/p>\n","protected":false},"author":1,"featured_media":0,"parent":0,"menu_order":0,"comment_status":"closed","ping_status":"closed","template":"","meta":[],"_links":{"self":[{"href":"http:\/\/hoereninalbanien.de\/index.php?rest_route=\/wp\/v2\/pages\/197"}],"collection":[{"href":"http:\/\/hoereninalbanien.de\/index.php?rest_route=\/wp\/v2\/pages"}],"about":[{"href":"http:\/\/hoereninalbanien.de\/index.php?rest_route=\/wp\/v2\/types\/page"}],"author":[{"embeddable":true,"href":"http:\/\/hoereninalbanien.de\/index.php?rest_route=\/wp\/v2\/users\/1"}],"replies":[{"embeddable":true,"href":"http:\/\/hoereninalbanien.de\/index.php?rest_route=%2Fwp%2Fv2%2Fcomments&post=197"}],"version-history":[{"count":47,"href":"http:\/\/hoereninalbanien.de\/index.php?rest_route=\/wp\/v2\/pages\/197\/revisions"}],"predecessor-version":[{"id":334,"href":"http:\/\/hoereninalbanien.de\/index.php?rest_route=\/wp\/v2\/pages\/197\/revisions\/334"}],"wp:attachment":[{"href":"http:\/\/hoereninalbanien.de\/index.php?rest_route=%2Fwp%2Fv2%2Fmedia&parent=197"}],"curies":[{"name":"wp","href":"https:\/\/api.w.org\/{rel}","templated":true}]}}