{"id":15,"date":"2017-11-19T16:05:54","date_gmt":"2017-11-19T16:05:54","guid":{"rendered":"http:\/\/hoereninalbanien.de\/?page_id=15"},"modified":"2018-11-28T20:19:01","modified_gmt":"2018-11-28T20:19:01","slug":"unterstuetzung","status":"publish","type":"page","link":"http:\/\/hoereninalbanien.de\/?page_id=15","title":{"rendered":"Unterst\u00fctzung"},"content":{"rendered":"<h2>Spendenkonto<\/h2>\n<p>Sie k\u00f6nnen uns mit Sachspenden oder \u00fcber das Spendenkonto von DAIKA e.V.<br \/>\nmit Stichwort \u201eH\u00f6rger\u00e4te\u201c unterst\u00fctzen:<\/p>\n<p>DAIKA e.V<br \/>\nIBAN: DE94 6419 0110 0300 2130 00<br \/>\nBIC: GENODES1TUE<br \/>\nVolksbank T\u00fcbingen<\/p>\n<h2>Was wir sonst noch ben\u00f6tigen<\/h2>\n<ul>\n<li>H\u00f6rsysteme (vorallem HdO und Powerger\u00e4te)<\/li>\n<li>Reinigungsmaterial<\/li>\n<li>Batterien<\/li>\n<\/ul>\n<p>Falls Sie H\u00f6rakustiker sind, und sich vorstellen k\u00f6nnen, uns zu unterst\u00fctzen, melden Sie sich gerne f\u00fcr n\u00e4here Infos bei uns.<\/p>\n<h2>Unser Flyer<\/h2>\n<p>Um unser Projekt bekannter zu machen, k\u00f6nnen Sie gerne unseren <a href=\"http:\/\/hoereninalbanien.de\/wp-content\/uploads\/2018\/11\/HiA_Flyer_20181128_DE.pdf\" target=\"_blank\" rel=\"noopener\">Flyer<\/a> verbreiten. Wir stellen Ihnen diesen auf Anfrage auch als gedruckte Version zur Verf\u00fcgung.<\/p>\n","protected":false},"excerpt":{"rendered":"<p>Spendenkonto Sie k\u00f6nnen uns mit Sachspenden oder \u00fcber das Spendenkonto von DAIKA e.V. mit Stichwort \u201eH\u00f6rger\u00e4te\u201c unterst\u00fctzen: DAIKA e.V IBAN: DE94 6419 0110 0300 2130 00 BIC: GENODES1TUE Volksbank T\u00fcbingen Was wir sonst noch ben\u00f6tigen H\u00f6rsysteme (vorallem HdO und Powerger\u00e4te) Reinigungsmaterial Batterien Falls Sie H\u00f6rakustiker sind, und sich vorstellen k\u00f6nnen, uns zu unterst\u00fctzen, melden Sie&hellip; <br \/> <a class=\"read-more\" href=\"http:\/\/hoereninalbanien.de\/?page_id=15\">Weiterlesen<\/a><\/p>\n","protected":false},"author":1,"featured_media":0,"parent":0,"menu_order":0,"comment_status":"closed","ping_status":"closed","template":"page-templates\/page-with-right-sidebar.php","meta":[],"_links":{"self":[{"href":"http:\/\/hoereninalbanien.de\/index.php?rest_route=\/wp\/v2\/pages\/15"}],"collection":[{"href":"http:\/\/hoereninalbanien.de\/index.php?rest_route=\/wp\/v2\/pages"}],"about":[{"href":"http:\/\/hoereninalbanien.de\/index.php?rest_route=\/wp\/v2\/types\/page"}],"author":[{"embeddable":true,"href":"http:\/\/hoereninalbanien.de\/index.php?rest_route=\/wp\/v2\/users\/1"}],"replies":[{"embeddable":true,"href":"http:\/\/hoereninalbanien.de\/index.php?rest_route=%2Fwp%2Fv2%2Fcomments&post=15"}],"version-history":[{"count":6,"href":"http:\/\/hoereninalbanien.de\/index.php?rest_route=\/wp\/v2\/pages\/15\/revisions"}],"predecessor-version":[{"id":214,"href":"http:\/\/hoereninalbanien.de\/index.php?rest_route=\/wp\/v2\/pages\/15\/revisions\/214"}],"wp:attachment":[{"href":"http:\/\/hoereninalbanien.de\/index.php?rest_route=%2Fwp%2Fv2%2Fmedia&parent=15"}],"curies":[{"name":"wp","href":"https:\/\/api.w.org\/{rel}","templated":true}]}}